{"id":88,"date":"2021-02-22T12:23:55","date_gmt":"2021-02-22T15:23:55","guid":{"rendered":"https:\/\/ganbatte.com.ar\/?page_id=88"},"modified":"2022-04-08T14:32:08","modified_gmt":"2022-04-08T17:32:08","slug":"la-empresa","status":"publish","type":"page","link":"https:\/\/ganbatte.com.ar\/?page_id=88","title":{"rendered":"La Empresa"},"content":{"rendered":"<div class=\"su-spacer\" style=\"height:110px\"><\/div>\n<h1>LA EMPRESA<img loading=\"lazy\" decoding=\"async\" class=\"size-full wp-image-356 alignright\" src=\"https:\/\/ganbatte.com.ar\/wp-content\/uploads\/2021\/02\/icon-ganbatte-tittle2.png\" alt=\"\" width=\"45\" height=\"48\" \/><\/h1>\n<hr \/>\n<p><img loading=\"lazy\" decoding=\"async\" class=\"size-medium wp-image-30 alignright\" src=\"https:\/\/ganbatte.com.ar\/wp-content\/uploads\/2021\/02\/croquis-barco-274x300.jpg\" alt=\"\" width=\"274\" height=\"300\" srcset=\"https:\/\/ganbatte.com.ar\/wp-content\/uploads\/2021\/02\/croquis-barco-274x300.jpg 274w, https:\/\/ganbatte.com.ar\/wp-content\/uploads\/2021\/02\/croquis-barco.jpg 280w\" sizes=\"auto, (max-width: 274px) 100vw, 274px\" \/>En este escenario mundial, tan cambiante y turbulento, donde \u201cnegocios son negocios\u201d han sido las palabras m\u00e1s comunes que definieron las estrategias de marketing, a menudo presenciamos c\u00f3mo, ante la primera dificultad y sin miramientos, se diluyen las \u201cs\u00faper seudo ofertas de tarifas\u201d de los global players.<\/p>\n<p>En nuestra compa\u00f1\u00eda, por el contrario, preferimos relacionarnos comprometidamente con nuestros clientes y colegas involucr\u00e1ndonos y consider\u00e1ndolos de manera individual, tratando de captar sus deseos e inquietudes, respondiendo con seriedad ante sus objetivos.<\/p>\n<p>M\u00e1s de treinta y cinco a\u00f1os asesorando en comercio internacional, y despachos de aduana, y diez a\u00f1os en el negocio del Freight forwarding, ha moldeado nuestra gran experiencia y amplio know-how, lo cual nos permite interpretar las prioridades de nuestros clientes. Todo esto, resulta en exitosas soluciones hechas a medida, para satisfacer las necesidades de ellos.<\/p>\n<p>Adem\u00e1s, a trav\u00e9s de nuestro principio gu\u00eda, entendemos que en cualquier proyecto, y m\u00e1s all\u00e1 de su rentabilidad econ\u00f3mica, existe una carga intangible de anhelos y esperanza, por la que, profundizando en cada objetivo, pensamos en dar todo lo mejor de nosotros para cumplirlo.<\/p>\n<p>Ingresamos al mercado con esta filosof\u00eda, y nuestra meta es que usted pueda verdaderamente contar con nosotros, confiar que haremos un trabajo responsable y serio, que minimice sus riesgos, y lo ayude a materializar sus sue\u00f1os.<\/p>\n<div class=\"su-row\"><div class=\"su-column su-column-size-1-2\"><div class=\"su-column-inner su-u-clearfix su-u-trim\"><img loading=\"lazy\" decoding=\"async\" class=\"alignnone wp-image-227\" src=\"https:\/\/ganbatte.com.ar\/wp-content\/uploads\/2021\/02\/foto-STAFF.jpg\" alt=\"\" width=\"429\" height=\"170\" \/><\/div><\/div> <div class=\"su-column su-column-size-1-2\"><div class=\"su-column-inner su-u-clearfix su-u-trim\">\n<p>Somos un equipo profesional especializado en Comercio Exterior y Log\u00edstica integral, dispuesto a proveer la soluci\u00f3n m\u00e1s adecuada.<\/p>\n<p>Cada uno de nuestros integrantes es especialista en su \u00e1rea, y al mismo tiempo conoce las otras especialidades dentro del rubro. Es por este motivo que todos y cada uno de nosotros tenemos la capacidad y voluntad de contribuir a sus proyectos, con total compromiso.<\/p>\n<\/div><\/div> <\/div>\n<div class=\"su-spacer\" style=\"height:50px\"><\/div>\n<div class=\"oxi-addons-container oxi-tabs-wrapper-3\" id=\"oxi-tabs-wrapper-3\">\r\n                 <div class=\"oxi-addons-row\"><div class=\"oxi-tabs-ultimate-style oxi-tabs-ultimate-template-5 oxi-tabs-click-event oxi-tabs-heading-responsive-static oxi-tab-header-horizontal oxi-tab-header-top-center-position oxi-tab-header-left-top-position  oxi-tabs-header-horizontal-tabs-alignment-horizontal-horizontal oxi-tabs-header-horizontal-mobile-alignment-horizontal-horizontal oxi-tabs-header-vertical-tabs-alignment-horizontal  oxi-tabs-header-vertical-tabs-alignment-horizontal-compact oxi-tabs-header-vertical-mobile-alignment-horizontal  oxi-tabs-header-vertical-mobile-alignment-horizontal-compact   oxi-tab-clearfix\" data-oxi-tabs='{\"header\":\"0\",\"animation\":\"animate__fadeInRight\",\"initial\":\":eq(0)\",\"trigger\":\"0\",\"type\":\"oxi-tabs-click-event\",\"lap\":\"no\",\"tab\":\"yes\",\"mob\":\"yes\"}'>   <div class=\"oxi-tabs-ultimate-header-wrap oxi-tabs-ultimate-header-3   oxi-tabs-heading-mobile-show-title-false oxi-tabs-heading-tabs-show-subtitle-false    oxi-tabs-heading-tabs-show-number-false  oxi-tabs-heading-tabs-show-image-false  \">        <div class=\"oxi-tabs-ultimate-header oxi-tab-clearfix\"><div class='oxi-tabs-header-li oxi-tab-header-aditional-top-position oxi-tabs-header-li-3-1' ref='#oxi-tabs-trigger-3-1' ><div class='oxi-tabs-header-li-title'><div class='oxi-tabs-main-title'>Valores<\/div><\/div><div class=\"oxi-tabs-header-shape\"><\/div><\/div><div class='oxi-tabs-header-li oxi-tab-header-aditional-top-position oxi-tabs-header-li-3-2' ref='#oxi-tabs-trigger-3-2' ><div class='oxi-tabs-header-li-title'><div class='oxi-tabs-main-title'>Misi\u00f3n<\/div><\/div><div class=\"oxi-tabs-header-shape\"><\/div><\/div><div class='oxi-tabs-header-li oxi-tab-header-aditional-top-position oxi-tabs-header-li-3-3' ref='#oxi-tabs-trigger-3-3' ><div class='oxi-tabs-header-li-title'><div class='oxi-tabs-main-title'>Visi\u00f3n<\/div><\/div><div class=\"oxi-tabs-header-shape\"><\/div><\/div>      <\/div>   <\/div>   <div class=\"oxi-tabs-ultimate-content-wrap\">      <div class=\"oxi-tabs-ultimate-content\">      <div class=\"oxi-tabs-body-tabs oxi-tabs-body-3  animate__animated \" id=\"oxi-tabs-body-3-1\">\r\n                            <p><div class=\"su-row\"><div class=\"su-column su-column-size-1-2\"><div class=\"su-column-inner su-u-clearfix su-u-trim\"><img loading=\"lazy\" decoding=\"async\" class=\"alignnone size-full wp-image-231\" src=\"https:\/\/ganbatte.com.ar\/wp-content\/uploads\/2021\/02\/valores-es.jpg\" alt=\"\" width=\"400\" height=\"400\" \/><\/p>\r\n<p><\/div><\/div> <div class=\"su-column su-column-size-1-2\"><div class=\"su-column-inner su-u-clearfix su-u-trim\"><\/p>\r\n<p><br \/><br \/><br \/><br \/>Consideramos a nuestros valores, pilares fundamentales para el desarrollo de nuestras actividades. Caracter\u00edsticas tales como la seriedad, adaptabilidad, responsabilidad, honestidad, profesionalismo nos caracterizan; todos \u00e9stos se encuentran fuertemente arraigados a un concepto principal, funcionando como cimiento que sostiene toda nuestra condici\u00f3n: el compromiso.<\/div><\/div> <\/div><\/p>\r\n                                 \r\n                        <\/div>      <div class=\"oxi-tabs-body-tabs oxi-tabs-body-3  animate__animated \" id=\"oxi-tabs-body-3-2\">\r\n                            <p><div class=\"su-row\"><div class=\"su-column su-column-size-1-2\"><div class=\"su-column-inner su-u-clearfix su-u-trim\"><img loading=\"lazy\" decoding=\"async\" class=\"alignnone  wp-image-233\" src=\"https:\/\/ganbatte.com.ar\/wp-content\/uploads\/2021\/02\/Foto-MISION.jpg\" alt=\"\" width=\"459\" height=\"306\" \/><\/div><\/div> <div class=\"su-column su-column-size-1-2\"><div class=\"su-column-inner su-u-clearfix su-u-trim\"><\/p><br\/><br\/><br\/>\r\n<p>Ofrecer servicios de alta calidad, y soluciones hechas a medida, fortaleciendo la idea de ser considerados, m\u00e1s que un proveedor de confianza, compa\u00f1eros en la actividad, contribuyendo de esta forma al mayor \u00e9xito posible.<\/div><\/div> <\/div><\/p>\r\n                                 \r\n                        <\/div>      <div class=\"oxi-tabs-body-tabs oxi-tabs-body-3  animate__animated \" id=\"oxi-tabs-body-3-3\">\r\n                            <p><div class=\"su-row\"><div class=\"su-column su-column-size-1-2\"><div class=\"su-column-inner su-u-clearfix su-u-trim\"><img loading=\"lazy\" decoding=\"async\" class=\"alignnone  wp-image-234\" src=\"https:\/\/ganbatte.com.ar\/wp-content\/uploads\/2021\/02\/Imagen-VISION.jpg\" alt=\"\" width=\"459\" height=\"288\" \/><\/div><\/div> <div class=\"su-column su-column-size-1-2\"><div class=\"su-column-inner su-u-clearfix su-u-trim\"><\/p>\r\n<p> <\/p>\r\n<br\/><br\/>\r\n<p>Ser un actor importante en la cadena log\u00edstica integral de la industria argentina.<\/p>\r\n<p><\/div><\/div><\/div><\/p>\r\n                                 \r\n                        <\/div>      <\/div>  <\/div><\/div>   <\/div>\r\n              <\/div>\n<div class=\"su-spacer\" style=\"height:50px\"><\/div>\n","protected":false},"excerpt":{"rendered":"<p>LA EMPRESA En este escenario mundial, tan cambiante y turbulento, donde \u201cnegocios son negocios\u201d han sido las palabras m\u00e1s comunes que definieron las estrategias de marketing, a menudo presenciamos c\u00f3mo, ante la primera dificultad y sin miramientos, se diluyen las \u201cs\u00faper seudo ofertas de tarifas\u201d de los global players. En nuestra compa\u00f1\u00eda, por el contrario, [&hellip;]<\/p>\n","protected":false},"author":1,"featured_media":0,"parent":0,"menu_order":0,"comment_status":"closed","ping_status":"closed","template":"page-template\/custom-home-page.php","meta":{"footnotes":""},"class_list":["post-88","page","type-page","status-publish","hentry"],"yoast_head":"<!-- This site is optimized with the Yoast SEO plugin v27.4 - https:\/\/yoast.com\/product\/yoast-seo-wordpress\/ -->\n<title>La Empresa - Ganbatte<\/title>\n<meta name=\"robots\" content=\"index, follow, max-snippet:-1, max-image-preview:large, max-video-preview:-1\" \/>\n<link rel=\"canonical\" href=\"https:\/\/ganbatte.com.ar\/?page_id=88\" \/>\n<meta property=\"og:locale\" content=\"es_ES\" \/>\n<meta property=\"og:type\" content=\"article\" \/>\n<meta property=\"og:title\" content=\"La Empresa - Ganbatte\" \/>\n<meta property=\"og:description\" content=\"LA EMPRESA En este escenario mundial, tan cambiante y turbulento, donde \u201cnegocios son negocios\u201d han sido las palabras m\u00e1s comunes que definieron las estrategias de marketing, a menudo presenciamos c\u00f3mo, ante la primera dificultad y sin miramientos, se diluyen las \u201cs\u00faper seudo ofertas de tarifas\u201d de los global players. En nuestra compa\u00f1\u00eda, por el contrario, [&hellip;]\" \/>\n<meta property=\"og:url\" content=\"https:\/\/ganbatte.com.ar\/?page_id=88\" \/>\n<meta property=\"og:site_name\" content=\"Ganbatte\" \/>\n<meta property=\"article:modified_time\" content=\"2022-04-08T17:32:08+00:00\" \/>\n<meta property=\"og:image\" content=\"https:\/\/ganbatte.com.ar\/wp-content\/uploads\/2021\/02\/icon-ganbatte-tittle2.png\" \/>\n<meta name=\"twitter:card\" content=\"summary_large_image\" \/>\n<meta name=\"twitter:label1\" content=\"Tiempo de lectura\" \/>\n\t<meta name=\"twitter:data1\" content=\"2 minutos\" \/>\n<script type=\"application\/ld+json\" class=\"yoast-schema-graph\">{\"@context\":\"https:\\\/\\\/schema.org\",\"@graph\":[{\"@type\":\"WebPage\",\"@id\":\"https:\\\/\\\/ganbatte.com.ar\\\/?page_id=88\",\"url\":\"https:\\\/\\\/ganbatte.com.ar\\\/?page_id=88\",\"name\":\"La Empresa - Ganbatte\",\"isPartOf\":{\"@id\":\"https:\\\/\\\/ganbatte.com.ar\\\/#website\"},\"primaryImageOfPage\":{\"@id\":\"https:\\\/\\\/ganbatte.com.ar\\\/?page_id=88#primaryimage\"},\"image\":{\"@id\":\"https:\\\/\\\/ganbatte.com.ar\\\/?page_id=88#primaryimage\"},\"thumbnailUrl\":\"https:\\\/\\\/ganbatte.com.ar\\\/wp-content\\\/uploads\\\/2021\\\/02\\\/icon-ganbatte-tittle2.png\",\"datePublished\":\"2021-02-22T15:23:55+00:00\",\"dateModified\":\"2022-04-08T17:32:08+00:00\",\"breadcrumb\":{\"@id\":\"https:\\\/\\\/ganbatte.com.ar\\\/?page_id=88#breadcrumb\"},\"inLanguage\":\"es-AR\",\"potentialAction\":[{\"@type\":\"ReadAction\",\"target\":[\"https:\\\/\\\/ganbatte.com.ar\\\/?page_id=88\"]}]},{\"@type\":\"ImageObject\",\"inLanguage\":\"es-AR\",\"@id\":\"https:\\\/\\\/ganbatte.com.ar\\\/?page_id=88#primaryimage\",\"url\":\"https:\\\/\\\/ganbatte.com.ar\\\/wp-content\\\/uploads\\\/2021\\\/02\\\/icon-ganbatte-tittle2.png\",\"contentUrl\":\"https:\\\/\\\/ganbatte.com.ar\\\/wp-content\\\/uploads\\\/2021\\\/02\\\/icon-ganbatte-tittle2.png\",\"width\":45,\"height\":48},{\"@type\":\"BreadcrumbList\",\"@id\":\"https:\\\/\\\/ganbatte.com.ar\\\/?page_id=88#breadcrumb\",\"itemListElement\":[{\"@type\":\"ListItem\",\"position\":1,\"name\":\"Inicio\",\"item\":\"https:\\\/\\\/ganbatte.com.ar\\\/\"},{\"@type\":\"ListItem\",\"position\":2,\"name\":\"La Empresa\"}]},{\"@type\":\"WebSite\",\"@id\":\"https:\\\/\\\/ganbatte.com.ar\\\/#website\",\"url\":\"https:\\\/\\\/ganbatte.com.ar\\\/\",\"name\":\"Ganbatte\",\"description\":\"Transporting Dreams\",\"publisher\":{\"@id\":\"https:\\\/\\\/ganbatte.com.ar\\\/#organization\"},\"potentialAction\":[{\"@type\":\"SearchAction\",\"target\":{\"@type\":\"EntryPoint\",\"urlTemplate\":\"https:\\\/\\\/ganbatte.com.ar\\\/?s={search_term_string}\"},\"query-input\":{\"@type\":\"PropertyValueSpecification\",\"valueRequired\":true,\"valueName\":\"search_term_string\"}}],\"inLanguage\":\"es-AR\"},{\"@type\":\"Organization\",\"@id\":\"https:\\\/\\\/ganbatte.com.ar\\\/#organization\",\"name\":\"Ganbatte\",\"url\":\"https:\\\/\\\/ganbatte.com.ar\\\/\",\"logo\":{\"@type\":\"ImageObject\",\"inLanguage\":\"es-AR\",\"@id\":\"https:\\\/\\\/ganbatte.com.ar\\\/#\\\/schema\\\/logo\\\/image\\\/\",\"url\":\"https:\\\/\\\/ganbatte.com.ar\\\/wp-content\\\/uploads\\\/2021\\\/02\\\/logo.png\",\"contentUrl\":\"https:\\\/\\\/ganbatte.com.ar\\\/wp-content\\\/uploads\\\/2021\\\/02\\\/logo.png\",\"width\":172,\"height\":190,\"caption\":\"Ganbatte\"},\"image\":{\"@id\":\"https:\\\/\\\/ganbatte.com.ar\\\/#\\\/schema\\\/logo\\\/image\\\/\"}}]}<\/script>\n<!-- \/ Yoast SEO plugin. -->","yoast_head_json":{"title":"La Empresa - Ganbatte","robots":{"index":"index","follow":"follow","max-snippet":"max-snippet:-1","max-image-preview":"max-image-preview:large","max-video-preview":"max-video-preview:-1"},"canonical":"https:\/\/ganbatte.com.ar\/?page_id=88","og_locale":"es_ES","og_type":"article","og_title":"La Empresa - Ganbatte","og_description":"LA EMPRESA En este escenario mundial, tan cambiante y turbulento, donde \u201cnegocios son negocios\u201d han sido las palabras m\u00e1s comunes que definieron las estrategias de marketing, a menudo presenciamos c\u00f3mo, ante la primera dificultad y sin miramientos, se diluyen las \u201cs\u00faper seudo ofertas de tarifas\u201d de los global players. En nuestra compa\u00f1\u00eda, por el contrario, [&hellip;]","og_url":"https:\/\/ganbatte.com.ar\/?page_id=88","og_site_name":"Ganbatte","article_modified_time":"2022-04-08T17:32:08+00:00","og_image":[{"url":"https:\/\/ganbatte.com.ar\/wp-content\/uploads\/2021\/02\/icon-ganbatte-tittle2.png","type":"","width":"","height":""}],"twitter_card":"summary_large_image","twitter_misc":{"Tiempo de lectura":"2 minutos"},"schema":{"@context":"https:\/\/schema.org","@graph":[{"@type":"WebPage","@id":"https:\/\/ganbatte.com.ar\/?page_id=88","url":"https:\/\/ganbatte.com.ar\/?page_id=88","name":"La Empresa - Ganbatte","isPartOf":{"@id":"https:\/\/ganbatte.com.ar\/#website"},"primaryImageOfPage":{"@id":"https:\/\/ganbatte.com.ar\/?page_id=88#primaryimage"},"image":{"@id":"https:\/\/ganbatte.com.ar\/?page_id=88#primaryimage"},"thumbnailUrl":"https:\/\/ganbatte.com.ar\/wp-content\/uploads\/2021\/02\/icon-ganbatte-tittle2.png","datePublished":"2021-02-22T15:23:55+00:00","dateModified":"2022-04-08T17:32:08+00:00","breadcrumb":{"@id":"https:\/\/ganbatte.com.ar\/?page_id=88#breadcrumb"},"inLanguage":"es-AR","potentialAction":[{"@type":"ReadAction","target":["https:\/\/ganbatte.com.ar\/?page_id=88"]}]},{"@type":"ImageObject","inLanguage":"es-AR","@id":"https:\/\/ganbatte.com.ar\/?page_id=88#primaryimage","url":"https:\/\/ganbatte.com.ar\/wp-content\/uploads\/2021\/02\/icon-ganbatte-tittle2.png","contentUrl":"https:\/\/ganbatte.com.ar\/wp-content\/uploads\/2021\/02\/icon-ganbatte-tittle2.png","width":45,"height":48},{"@type":"BreadcrumbList","@id":"https:\/\/ganbatte.com.ar\/?page_id=88#breadcrumb","itemListElement":[{"@type":"ListItem","position":1,"name":"Inicio","item":"https:\/\/ganbatte.com.ar\/"},{"@type":"ListItem","position":2,"name":"La Empresa"}]},{"@type":"WebSite","@id":"https:\/\/ganbatte.com.ar\/#website","url":"https:\/\/ganbatte.com.ar\/","name":"Ganbatte","description":"Transporting Dreams","publisher":{"@id":"https:\/\/ganbatte.com.ar\/#organization"},"potentialAction":[{"@type":"SearchAction","target":{"@type":"EntryPoint","urlTemplate":"https:\/\/ganbatte.com.ar\/?s={search_term_string}"},"query-input":{"@type":"PropertyValueSpecification","valueRequired":true,"valueName":"search_term_string"}}],"inLanguage":"es-AR"},{"@type":"Organization","@id":"https:\/\/ganbatte.com.ar\/#organization","name":"Ganbatte","url":"https:\/\/ganbatte.com.ar\/","logo":{"@type":"ImageObject","inLanguage":"es-AR","@id":"https:\/\/ganbatte.com.ar\/#\/schema\/logo\/image\/","url":"https:\/\/ganbatte.com.ar\/wp-content\/uploads\/2021\/02\/logo.png","contentUrl":"https:\/\/ganbatte.com.ar\/wp-content\/uploads\/2021\/02\/logo.png","width":172,"height":190,"caption":"Ganbatte"},"image":{"@id":"https:\/\/ganbatte.com.ar\/#\/schema\/logo\/image\/"}}]}},"_links":{"self":[{"href":"https:\/\/ganbatte.com.ar\/index.php?rest_route=\/wp\/v2\/pages\/88","targetHints":{"allow":["GET"]}}],"collection":[{"href":"https:\/\/ganbatte.com.ar\/index.php?rest_route=\/wp\/v2\/pages"}],"about":[{"href":"https:\/\/ganbatte.com.ar\/index.php?rest_route=\/wp\/v2\/types\/page"}],"author":[{"embeddable":true,"href":"https:\/\/ganbatte.com.ar\/index.php?rest_route=\/wp\/v2\/users\/1"}],"replies":[{"embeddable":true,"href":"https:\/\/ganbatte.com.ar\/index.php?rest_route=%2Fwp%2Fv2%2Fcomments&post=88"}],"version-history":[{"count":5,"href":"https:\/\/ganbatte.com.ar\/index.php?rest_route=\/wp\/v2\/pages\/88\/revisions"}],"predecessor-version":[{"id":155,"href":"https:\/\/ganbatte.com.ar\/index.php?rest_route=\/wp\/v2\/pages\/88\/revisions\/155"}],"wp:attachment":[{"href":"https:\/\/ganbatte.com.ar\/index.php?rest_route=%2Fwp%2Fv2%2Fmedia&parent=88"}],"curies":[{"name":"wp","href":"https:\/\/api.w.org\/{rel}","templated":true}]}}